{"id":88,"date":"2020-01-30T13:53:37","date_gmt":"2020-01-30T12:53:37","guid":{"rendered":"http:\/\/lassemattila.com\/musik\/?page_id=88"},"modified":"2022-12-26T15:31:11","modified_gmt":"2022-12-26T14:31:11","slug":"texter","status":"publish","type":"page","link":"https:\/\/lassemattila.com\/musik\/texter\/","title":{"rendered":"Texter"},"content":{"rendered":"<div class=\"wpb-content-wrapper\"><p>[vc_row row_type=&#8221;parallax&#8221; parallax_content_width=&#8221;in_grid&#8221; text_align=&#8221;left&#8221; full_screen_section_height=&#8221;yes&#8221; vertically_align_content_in_middle=&#8221;yes&#8221; background_image=&#8221;92&#8243;][vc_column][\/vc_column][\/vc_row][vc_row css_animation=&#8221;&#8221; row_type=&#8221;row&#8221; use_row_as_full_screen_section=&#8221;no&#8221; type=&#8221;full_width&#8221; angled_section=&#8221;no&#8221; text_align=&#8221;left&#8221; background_image_as_pattern=&#8221;without_pattern&#8221;][vc_column width=&#8221;1\/3&#8243;][\/vc_column][vc_column width=&#8221;1\/3&#8243;][vc_column_text]<b>A<span class=\"Apple-converted-space\">\u00a0<\/span><\/b><\/p>\n<p><a href=\"http:\/\/lassemattila.com\/musik\/wp-content\/uploads\/2022\/12\/Agua-da-vida-2.pdf\" target=\"_blank\" rel=\"noopener\">\u00c1gua da vida<\/a><\/p>\n<p><a href=\"http:\/\/lassemattila.com\/musik\/wp-content\/uploads\/2022\/12\/Allt-det-som-skar-2.pdf\" target=\"_blank\" rel=\"noopener\">Allt det som skar<\/a><\/p>\n<p><a href=\"http:\/\/lassemattila.com\/musik\/wp-content\/uploads\/2022\/12\/Amors-pilar-1.pdf\" target=\"_blank\" rel=\"noopener\">Amors pilar<\/a><\/p>\n<p><a href=\"http:\/\/lassemattila.com\/musik\/wp-content\/uploads\/2022\/12\/Att-leva-i-en-logn-1.pdf\" target=\"_blank\" rel=\"noopener\">Att leva i en l\u00f6gn<\/a><\/p>\n<p><b>D<span class=\"Apple-converted-space\">\u00a0<\/span><\/b><\/p>\n<p><a href=\"http:\/\/lassemattila.com\/musik\/wp-content\/uploads\/2022\/12\/Det-ar-dags-1.pdf\">Det \u00e4r dags<\/a><\/p>\n<p><a href=\"http:\/\/lassemattila.com\/musik\/wp-content\/uploads\/2022\/12\/Djupt-ner-i-hjartat-det-svider.pdf\" target=\"_blank\" rel=\"noopener\">Djupt ner i hj\u00e4rtat det svider<\/a><\/p>\n<p><a href=\"http:\/\/lassemattila.com\/musik\/wp-content\/uploads\/2022\/12\/Du-barn-1.pdf\" target=\"_blank\" rel=\"noopener\">Du barn<\/a><\/p>\n<p><a href=\"http:\/\/lassemattila.com\/musik\/wp-content\/uploads\/2022\/12\/Du-fortjanar-det-basta-1.pdf\" target=\"_blank\" rel=\"noopener\">Du f\u00f6rtj\u00e4nar det b\u00e4sta<\/a><\/p>\n<p><a href=\"http:\/\/lassemattila.com\/musik\/wp-content\/uploads\/2022\/12\/Du-och-jag-1.pdf\" target=\"_blank\" rel=\"noopener\">Du och jag<\/a><\/p>\n<p><a href=\"http:\/\/lassemattila.com\/musik\/wp-content\/uploads\/2022\/12\/Dar-du-ar-1.pdf\">D\u00e4r du \u00e4r<\/a><\/p>\n<p><b>E<span class=\"Apple-converted-space\">\u00a0<\/span><\/b><\/p>\n<p>En dr\u00f6m<\/p>\n<p><a href=\"http:\/\/lassemattila.com\/musik\/wp-content\/uploads\/2022\/12\/En-enda-tyst-minut.pdf\" target=\"_blank\" rel=\"noopener\">En enda tyst minut<\/a><\/p>\n<p><a href=\"http:\/\/lassemattila.com\/musik\/wp-content\/uploads\/2022\/12\/Ett-hjarta-i-uppror-1.pdf\">Ett hj\u00e4rta i uppror<\/a><\/p>\n<p><b>F<span class=\"Apple-converted-space\">\u00a0<\/span><\/b><\/p>\n<p><a href=\"http:\/\/lassemattila.com\/musik\/wp-content\/uploads\/2022\/12\/Faller-isar-1.pdf\" target=\"_blank\" rel=\"noopener\">Faller is\u00e4r<\/a><\/p>\n<p><a href=\"http:\/\/lassemattila.com\/musik\/wp-content\/uploads\/2022\/12\/For-dig-1.pdf\">F\u00f6r dig<\/a><\/p>\n<p><a href=\"http:\/\/lassemattila.com\/musik\/wp-content\/uploads\/2022\/12\/For-din-skull-1.pdf\">F\u00f6r din skull<\/a><\/p>\n<p><b>H<span class=\"Apple-converted-space\">\u00a0<\/span><\/b><\/p>\n<p>Heml\u00f6s<span class=\"Apple-converted-space\">\u00a0<\/span><\/p>\n<p><a href=\"http:\/\/lassemattila.com\/musik\/wp-content\/uploads\/2022\/12\/Hon-kom.pdf\" target=\"_blank\" rel=\"noopener\">Hon kom<\/a><\/p>\n<p><a href=\"http:\/\/lassemattila.com\/musik\/wp-content\/uploads\/2022\/12\/Hur-varlden-ser-ut.pdf\" target=\"_blank\" rel=\"noopener\">Hur v\u00e4rlden ser ut<\/a><\/p>\n<p><b>I<span class=\"Apple-converted-space\">\u00a0<\/span><\/b><\/p>\n<p><a href=\"http:\/\/lassemattila.com\/musik\/wp-content\/uploads\/2022\/12\/I-dina-ogon.pdf\" target=\"_blank\" rel=\"noopener\">I dina \u00f6gon<\/a><\/p>\n<p><b>J<\/b><\/p>\n<p><a href=\"http:\/\/lassemattila.com\/musik\/wp-content\/uploads\/2022\/12\/Jag-maste-vaga-lamna-dig-1.pdf\">Jag m\u00e5ste v\u00e5ga l\u00e4mna dig<\/a><\/p>\n<p><b>K<span class=\"Apple-converted-space\">\u00a0<\/span><\/b><\/p>\n<p><a href=\"http:\/\/lassemattila.com\/musik\/wp-content\/uploads\/2022\/12\/Kanske-en-dag-1.pdf\">Kanske en dag<\/a><\/p>\n<p><b>L<span class=\"Apple-converted-space\">\u00a0<\/span><\/b><\/p>\n<p><a href=\"http:\/\/lassemattila.com\/musik\/wp-content\/uploads\/2022\/12\/Lat-elden-fa-brinna.pdf\" target=\"_blank\" rel=\"noopener\">L\u00e5t elden f\u00e5 brinna<\/a><\/p>\n<p><strong>N<\/strong><\/p>\n<p><a href=\"http:\/\/lassemattila.com\/musik\/wp-content\/uploads\/2022\/12\/Nar-du-blir-ensam-1.pdf\" target=\"_blank\" rel=\"noopener\">N\u00e4r du blir ensam<\/a><\/p>\n<p><a href=\"http:\/\/lassemattila.com\/musik\/wp-content\/uploads\/2022\/12\/Nar-jag-kommer-hem-1.pdf\" target=\"_blank\" rel=\"noopener\">N\u00e4r jag kommer hem<\/a><\/p>\n<p><a href=\"http:\/\/lassemattila.com\/musik\/wp-content\/uploads\/2022\/12\/Nar-natten-gar-mot-morgon-1.pdf\" target=\"_blank\" rel=\"noopener\">N\u00e4r natten g\u00e5r mot morgon<\/a><\/p>\n<p><b>P<span class=\"Apple-converted-space\">\u00a0<\/span><\/b><\/p>\n<p><a href=\"http:\/\/lassemattila.com\/musik\/wp-content\/uploads\/2022\/12\/Plotsligt-slar-ett-hjarta-till-1.pdf\" target=\"_blank\" rel=\"noopener\">Pl\u00f6tsligt sl\u00e5r ett hj\u00e4rta till<\/a><\/p>\n<p><a href=\"http:\/\/lassemattila.com\/musik\/wp-content\/uploads\/2022\/12\/Punkt.-1.pdf\" target=\"_blank\" rel=\"noopener\">Punkt.<\/a><\/p>\n<p><a href=\"http:\/\/lassemattila.com\/musik\/wp-content\/uploads\/2022\/12\/Pa-riktigt-for-dig-1.pdf\" target=\"_blank\" rel=\"noopener\">P\u00e5 riktigt f\u00f6r dig<\/a><\/p>\n<p><b>R<span class=\"Apple-converted-space\">\u00a0<\/span><\/b><\/p>\n<p><a href=\"http:\/\/lassemattila.com\/musik\/wp-content\/uploads\/2022\/12\/Radd-1.pdf\" target=\"_blank\" rel=\"noopener\">R\u00e4dd<\/a><\/p>\n<p><b>S<span class=\"Apple-converted-space\">\u00a0<\/span><\/b><\/p>\n<p><a href=\"http:\/\/lassemattila.com\/musik\/wp-content\/uploads\/2022\/12\/Siddhartha-1.pdf\" target=\"_blank\" rel=\"noopener\">Siddhartha<\/a><\/p>\n<p><a href=\"http:\/\/lassemattila.com\/musik\/wp-content\/uploads\/2022\/12\/Soldat.pdf\" target=\"_blank\" rel=\"noopener\">Soldat<\/a><\/p>\n<p><a href=\"http:\/\/lassemattila.com\/musik\/wp-content\/uploads\/2022\/12\/Storm-1.pdf\" target=\"_blank\" rel=\"noopener\">Storm<\/a><\/p>\n<p><a href=\"http:\/\/lassemattila.com\/musik\/wp-content\/uploads\/2022\/12\/Sta-kvar-1.pdf\" target=\"_blank\" rel=\"noopener\">St\u00e5 kvar<\/a><\/p>\n<p><b>T<span class=\"Apple-converted-space\">\u00a0<\/span><\/b><\/p>\n<p><a href=\"http:\/\/lassemattila.com\/musik\/wp-content\/uploads\/2022\/12\/Tango-El-Chello-1.pdf\" target=\"_blank\" rel=\"noopener\">Tango El Chello<\/a><\/p>\n<p><a href=\"http:\/\/lassemattila.com\/musik\/wp-content\/uploads\/2022\/12\/Tillfalligt-1.pdf\" target=\"_blank\" rel=\"noopener\">Tillf\u00e4lligt<\/a><\/p>\n<p><a href=\"http:\/\/lassemattila.com\/musik\/wp-content\/uploads\/2022\/12\/Tarar-1.pdf\" target=\"_blank\" rel=\"noopener\">T\u00e5rar<\/a><\/p>\n<p><b>U<span class=\"Apple-converted-space\">\u00a0<\/span><\/b><\/p>\n<p>Utvald att leva<\/p>\n<p><b>V<span class=\"Apple-converted-space\">\u00a0<\/span><\/b><\/p>\n<p><a href=\"http:\/\/lassemattila.com\/musik\/wp-content\/uploads\/2022\/12\/Vem-kan-ge-dig-tro-Ellenor-1.pdf\">Vem kan ge dig tro (Ellenor)<\/a><\/p>\n<p>Viva o Amor<span class=\"Apple-converted-space\">\u00a0<\/span><\/p>\n<p>Vuxna m\u00e4nniskor<span class=\"Apple-converted-space\">\u00a0<\/span><\/p>\n<p><a href=\"http:\/\/lassemattila.com\/musik\/wp-content\/uploads\/2022\/12\/Vagar-ut.pdf\" target=\"_blank\" rel=\"noopener\">V\u00e4gar ut<\/a><\/p>\n<p><a href=\"http:\/\/lassemattila.com\/musik\/wp-content\/uploads\/2022\/12\/Vagen-1.pdf\" target=\"_blank\" rel=\"noopener\">V\u00e4gen<\/a><\/p>\n<p>V\u00e4rlden i brand<span class=\"Apple-converted-space\">\u00a0<\/span><\/p>\n<p><b>\u00c4<span class=\"Apple-converted-space\">\u00a0<\/span><\/b><\/p>\n<p><a href=\"http:\/\/lassemattila.com\/musik\/wp-content\/uploads\/2022\/12\/Angeln-1.pdf\" target=\"_blank\" rel=\"noopener\">\u00c4ngeln<\/a>[\/vc_column_text][\/vc_column][vc_column width=&#8221;1\/3&#8243;][\/vc_column][\/vc_row]<\/p>\n<\/div>","protected":false},"excerpt":{"rendered":"<p>[vc_row row_type=&#8221;parallax&#8221; parallax_content_width=&#8221;in_grid&#8221; text_align=&#8221;left&#8221; full_screen_section_height=&#8221;yes&#8221; vertically_align_content_in_middle=&#8221;yes&#8221; background_image=&#8221;92&#8243;][vc_column][\/vc_column][\/vc_row][vc_row css_animation=&#8221;&#8221; row_type=&#8221;row&#8221; use_row_as_full_screen_section=&#8221;no&#8221; type=&#8221;full_width&#8221; angled_section=&#8221;no&#8221; text_align=&#8221;left&#8221; background_image_as_pattern=&#8221;without_pattern&#8221;][vc_column width=&#8221;1\/3&#8243;][\/vc_column][vc_column width=&#8221;1\/3&#8243;][vc_column_text]A\u00a0 \u00c1gua da vida Allt det som skar Amors pilar Att leva i en l\u00f6gn D\u00a0 Det \u00e4r dags Djupt ner i hj\u00e4rtat det svider Du barn Du f\u00f6rtj\u00e4nar det&#8230;<\/p>\n","protected":false},"author":1,"featured_media":0,"parent":0,"menu_order":0,"comment_status":"closed","ping_status":"closed","template":"full_width.php","meta":{"footnotes":""},"aioseo_notices":[],"_links":{"self":[{"href":"https:\/\/lassemattila.com\/musik\/wp-json\/wp\/v2\/pages\/88"}],"collection":[{"href":"https:\/\/lassemattila.com\/musik\/wp-json\/wp\/v2\/pages"}],"about":[{"href":"https:\/\/lassemattila.com\/musik\/wp-json\/wp\/v2\/types\/page"}],"author":[{"embeddable":true,"href":"https:\/\/lassemattila.com\/musik\/wp-json\/wp\/v2\/users\/1"}],"replies":[{"embeddable":true,"href":"https:\/\/lassemattila.com\/musik\/wp-json\/wp\/v2\/comments?post=88"}],"version-history":[{"count":25,"href":"https:\/\/lassemattila.com\/musik\/wp-json\/wp\/v2\/pages\/88\/revisions"}],"predecessor-version":[{"id":270,"href":"https:\/\/lassemattila.com\/musik\/wp-json\/wp\/v2\/pages\/88\/revisions\/270"}],"wp:attachment":[{"href":"https:\/\/lassemattila.com\/musik\/wp-json\/wp\/v2\/media?parent=88"}],"curies":[{"name":"wp","href":"https:\/\/api.w.org\/{rel}","templated":true}]}}