{"id":13,"date":"2020-01-17T12:45:28","date_gmt":"2020-01-17T11:45:28","guid":{"rendered":"http:\/\/butch.se\/lm-musik\/?page_id=8"},"modified":"2022-12-26T15:32:52","modified_gmt":"2022-12-26T14:32:52","slug":"lasse-mattila","status":"publish","type":"page","link":"https:\/\/lassemattila.com\/musik\/lasse-mattila\/","title":{"rendered":"Lasse Mattila"},"content":{"rendered":"<div class=\"wpb-content-wrapper\"><p>[vc_row css_animation=&#8221;&#8221; row_type=&#8221;row&#8221; use_row_as_full_screen_section=&#8221;no&#8221; type=&#8221;full_width&#8221; angled_section=&#8221;no&#8221; text_align=&#8221;left&#8221; background_image_as_pattern=&#8221;without_pattern&#8221;][vc_column width=&#8221;1\/2&#8243;][vc_single_image image=&#8221;54&#8243; img_size=&#8221;full&#8221; qode_css_animation=&#8221;&#8221; qode_hover_animation=&#8221;darken&#8221;][vc_empty_space][vc_column_text]<strong>\u201dDet b\u00e4sta jag h\u00f6rt under mina 25 \u00e5r som program- och konferensansvarig\u201d \/Ingrid Uhlman, program- och konferensansvarig, Bohusl\u00e4ns Museum, Uddevalla<\/strong>[\/vc_column_text][\/vc_column][vc_column width=&#8221;1\/2&#8243;][vc_column_text]Lasse Mattila \u00e4r finskf\u00f6dd singer-songwriter, socionom och opinionsbildare. Lasse har under de senaste 25 \u00e5ren upptr\u00e4tt med sin musik i s\u00e5v\u00e4l Sverige, Finland, Norge och Danmark.<span class=\"Apple-converted-space\">\u00a0<\/span><\/p>\n<p>Ut\u00f6ver musiken \u00e4r Lasse en flitigt anlitad f\u00f6rel\u00e4sare i fr\u00e5gor r\u00f6rande psykisk h\u00e4lsa\/oh\u00e4lsa och barns och ungas utsatthet och utanf\u00f6rskap.<span class=\"Apple-converted-space\">\u00a0<\/span><\/p>\n<h2>Diskografi<\/h2>\n<p>2022 Jag m\u00e5ste v\u00e5ga l\u00e4mna dig (singel)<\/p>\n<p>2021 Punkt. (singel)<\/p>\n<p>2021 F\u00f6r dig (singel)<\/p>\n<p>2020 Tillf\u00e4lligt (singel)<\/p>\n<p>2020 D\u00e4r du \u00e4r (singel)<\/p>\n<p>2020 N\u00e4r jag kommer hem (singel)<\/p>\n<p>2019 F\u00f6r din skull (singel)<\/p>\n<p>2018 Faller is\u00e4r (singel)<\/p>\n<p>2018 F\u00f6r din skull (singel)<\/p>\n<p>2018 Pl\u00f6tsligt sl\u00e5r ett hj\u00e4rta till (singel)<span class=\"Apple-converted-space\">\u00a0<\/span><\/p>\n<p>2016 Du f\u00f6rtj\u00e4nar det b\u00e4sta (singel)<\/p>\n<p>2015 P\u00e5 riktigt f\u00f6r dig (album)<\/p>\n<p>2008 V\u00e4gar ut (EP)<\/p>\n<p>2001 Det \u00e4r dags (album)<\/p>\n<p>Mer information om Lasse Mattila och hans \u00f6vriga engagemang finner du <a href=\"http:\/\/lassemattila.com\/\" target=\"_blank\" rel=\"noopener noreferrer\">h\u00e4r<\/a>.[\/vc_column_text][\/vc_column][\/vc_row][vc_row css_animation=&#8221;&#8221; row_type=&#8221;row&#8221; use_row_as_full_screen_section=&#8221;no&#8221; type=&#8221;full_width&#8221; angled_section=&#8221;no&#8221; text_align=&#8221;left&#8221; background_image_as_pattern=&#8221;without_pattern&#8221;][vc_column][vc_empty_space][\/vc_column][\/vc_row]<\/p>\n<\/div>","protected":false},"excerpt":{"rendered":"<p>[vc_row css_animation=&#8221;&#8221; row_type=&#8221;row&#8221; use_row_as_full_screen_section=&#8221;no&#8221; type=&#8221;full_width&#8221; angled_section=&#8221;no&#8221; text_align=&#8221;left&#8221; background_image_as_pattern=&#8221;without_pattern&#8221;][vc_column width=&#8221;1\/2&#8243;][vc_single_image image=&#8221;54&#8243; img_size=&#8221;full&#8221; qode_css_animation=&#8221;&#8221; qode_hover_animation=&#8221;darken&#8221;][vc_empty_space][vc_column_text]\u201dDet b\u00e4sta jag h\u00f6rt under mina 25 \u00e5r som program- och konferensansvarig\u201d \/Ingrid Uhlman, program- och konferensansvarig, Bohusl\u00e4ns Museum, Uddevalla[\/vc_column_text][\/vc_column][vc_column width=&#8221;1\/2&#8243;][vc_column_text]Lasse Mattila \u00e4r finskf\u00f6dd singer-songwriter, socionom och opinionsbildare. Lasse har under de senaste&#8230;<\/p>\n","protected":false},"author":1,"featured_media":0,"parent":0,"menu_order":0,"comment_status":"closed","ping_status":"closed","template":"","meta":{"footnotes":""},"aioseo_notices":[],"_links":{"self":[{"href":"https:\/\/lassemattila.com\/musik\/wp-json\/wp\/v2\/pages\/13"}],"collection":[{"href":"https:\/\/lassemattila.com\/musik\/wp-json\/wp\/v2\/pages"}],"about":[{"href":"https:\/\/lassemattila.com\/musik\/wp-json\/wp\/v2\/types\/page"}],"author":[{"embeddable":true,"href":"https:\/\/lassemattila.com\/musik\/wp-json\/wp\/v2\/users\/1"}],"replies":[{"embeddable":true,"href":"https:\/\/lassemattila.com\/musik\/wp-json\/wp\/v2\/comments?post=13"}],"version-history":[{"count":11,"href":"https:\/\/lassemattila.com\/musik\/wp-json\/wp\/v2\/pages\/13\/revisions"}],"predecessor-version":[{"id":271,"href":"https:\/\/lassemattila.com\/musik\/wp-json\/wp\/v2\/pages\/13\/revisions\/271"}],"wp:attachment":[{"href":"https:\/\/lassemattila.com\/musik\/wp-json\/wp\/v2\/media?parent=13"}],"curies":[{"name":"wp","href":"https:\/\/api.w.org\/{rel}","templated":true}]}}